{"id":148,"date":"2026-04-20T15:52:44","date_gmt":"2026-04-20T19:52:44","guid":{"rendered":"https:\/\/test7.prow3sites.com\/?page_id=148"},"modified":"2026-04-20T16:51:17","modified_gmt":"2026-04-20T20:51:17","slug":"compromiso","status":"publish","type":"page","link":"https:\/\/test7.prow3sites.com\/?page_id=148","title":{"rendered":"Compromiso"},"content":{"rendered":"\t\t<div data-elementor-type=\"wp-page\" data-elementor-id=\"148\" class=\"elementor elementor-148\" data-elementor-post-type=\"page\">\n\t\t\t\t<div class=\"elementor-element elementor-element-3c1d343 e-flex e-con-boxed e-con e-parent\" data-id=\"3c1d343\" data-element_type=\"container\" data-e-type=\"container\" data-settings=\"{&quot;background_background&quot;:&quot;classic&quot;}\">\n\t\t\t\t\t<div class=\"e-con-inner\">\n\t\t\t\t\t<\/div>\n\t\t\t\t<\/div>\n\t\t<div class=\"elementor-element elementor-element-81f5315 e-flex e-con-boxed e-con e-parent\" data-id=\"81f5315\" data-element_type=\"container\" data-e-type=\"container\">\n\t\t\t\t\t<div class=\"e-con-inner\">\n\t\t<div class=\"elementor-element elementor-element-d98b45f e-con-full e-flex e-con e-child\" data-id=\"d98b45f\" data-element_type=\"container\" data-e-type=\"container\">\n\t\t\t\t<div class=\"elementor-element elementor-element-b0b960c elementor-widget elementor-widget-heading\" data-id=\"b0b960c\" data-element_type=\"widget\" data-e-type=\"widget\" data-widget_type=\"heading.default\">\n\t\t\t\t\t<h3 class=\"elementor-heading-title elementor-size-default\">Nuestro Compromiso<\/h3>\t\t\t\t<\/div>\n\t\t\t\t<div class=\"elementor-element elementor-element-c42230d elementor-widget elementor-widget-text-editor\" data-id=\"c42230d\" data-element_type=\"widget\" data-e-type=\"widget\" data-widget_type=\"text-editor.default\">\n\t\t\t\t\t\t\t\t\t<p>Entregar soluciones de alto est\u00e1ndar, con tecnolog\u00eda, servicio e innovaci\u00f3n, apoyando el desarrollo productivo y comercial de nuestros clientes.<\/p>\t\t\t\t\t\t\t\t<\/div>\n\t\t\t\t<\/div>\n\t\t<div class=\"elementor-element elementor-element-c23e11d e-con-full e-flex e-con e-child\" data-id=\"c23e11d\" data-element_type=\"container\" data-e-type=\"container\">\n\t\t\t\t<div class=\"elementor-element elementor-element-d1f6af6 elementor-widget elementor-widget-image\" data-id=\"d1f6af6\" data-element_type=\"widget\" data-e-type=\"widget\" data-widget_type=\"image.default\">\n\t\t\t\t\t\t\t\t\t\t\t\t\t\t\t<img fetchpriority=\"high\" decoding=\"async\" width=\"800\" height=\"383\" src=\"https:\/\/test7.prow3sites.com\/wp-content\/uploads\/2026\/04\/Porque-FG.jpg\" class=\"attachment-full size-full wp-image-162\" alt=\"\" srcset=\"https:\/\/test7.prow3sites.com\/wp-content\/uploads\/2026\/04\/Porque-FG.jpg 800w, https:\/\/test7.prow3sites.com\/wp-content\/uploads\/2026\/04\/Porque-FG-300x144.jpg 300w, https:\/\/test7.prow3sites.com\/wp-content\/uploads\/2026\/04\/Porque-FG-768x368.jpg 768w\" sizes=\"(max-width: 800px) 100vw, 800px\" \/>\t\t\t\t\t\t\t\t\t\t\t\t\t\t\t<\/div>\n\t\t\t\t<\/div>\n\t\t\t\t\t<\/div>\n\t\t\t\t<\/div>\n\t\t<div class=\"elementor-element elementor-element-47fba25 e-flex e-con-boxed e-con e-parent\" data-id=\"47fba25\" data-element_type=\"container\" data-e-type=\"container\">\n\t\t\t\t\t<div class=\"e-con-inner\">\n\t\t<div class=\"elementor-element elementor-element-6575627 e-con-full e-flex e-con e-child\" data-id=\"6575627\" data-element_type=\"container\" data-e-type=\"container\">\n\t\t\t\t<div class=\"elementor-element elementor-element-de43728 elementor-widget elementor-widget-heading\" data-id=\"de43728\" data-element_type=\"widget\" data-e-type=\"widget\" data-widget_type=\"heading.default\">\n\t\t\t\t\t<h3 class=\"elementor-heading-title elementor-size-default\">Nuestros Clientes<\/h3>\t\t\t\t<\/div>\n\t\t\t\t<div class=\"elementor-element elementor-element-9012e05 elementor-widget elementor-widget-text-editor\" data-id=\"9012e05\" data-element_type=\"widget\" data-e-type=\"widget\" data-widget_type=\"text-editor.default\">\n\t\t\t\t\t\t\t\t\t<p>Trabajamos junto a imprentas, empresas de packaging y producci\u00f3n gr\u00e1fica que buscan proveedores s\u00f3lidos, tecnolog\u00eda confiable y respuestas oportunas en un mercado altamente exigente.<\/p>\t\t\t\t\t\t\t\t<\/div>\n\t\t\t\t<div class=\"elementor-element elementor-element-cb31b13 elementor-widget elementor-widget-heading\" data-id=\"cb31b13\" data-element_type=\"widget\" data-e-type=\"widget\" data-widget_type=\"heading.default\">\n\t\t\t\t\t<h3 class=\"elementor-heading-title elementor-size-default\">Crecemos Junto a Nuestros Clientes<\/h3>\t\t\t\t<\/div>\n\t\t\t\t<div class=\"elementor-element elementor-element-5aaa951 elementor-widget elementor-widget-text-editor\" data-id=\"5aaa951\" data-element_type=\"widget\" data-e-type=\"widget\" data-widget_type=\"text-editor.default\">\n\t\t\t\t\t\t\t\t\t<p>La innovaci\u00f3n, la adaptaci\u00f3n tecnol\u00f3gica y las alianzas estrat\u00e9gicas son la base de nuestro crecimiento. Invertimos continuamente en ampliar nuestro portafolio y fortalecer nuestros servicios para seguir siendo un socio estrat\u00e9gico para la Industria Gr\u00e1fica.<\/p>\t\t\t\t\t\t\t\t<\/div>\n\t\t\t\t<\/div>\n\t\t<div class=\"elementor-element elementor-element-932d543 e-con-full e-flex e-con e-child\" data-id=\"932d543\" data-element_type=\"container\" data-e-type=\"container\">\n\t\t\t\t<div class=\"elementor-element elementor-element-22b463b elementor-widget elementor-widget-image\" data-id=\"22b463b\" data-element_type=\"widget\" data-e-type=\"widget\" data-widget_type=\"image.default\">\n\t\t\t\t\t\t\t\t\t\t\t\t\t\t\t<img decoding=\"async\" width=\"800\" height=\"627\" src=\"https:\/\/test7.prow3sites.com\/wp-content\/uploads\/2026\/04\/5124707-1024x803.png\" class=\"attachment-large size-large wp-image-171\" alt=\"\" srcset=\"https:\/\/test7.prow3sites.com\/wp-content\/uploads\/2026\/04\/5124707-1024x803.png 1024w, https:\/\/test7.prow3sites.com\/wp-content\/uploads\/2026\/04\/5124707-300x235.png 300w, https:\/\/test7.prow3sites.com\/wp-content\/uploads\/2026\/04\/5124707-768x602.png 768w, https:\/\/test7.prow3sites.com\/wp-content\/uploads\/2026\/04\/5124707-1536x1205.png 1536w, https:\/\/test7.prow3sites.com\/wp-content\/uploads\/2026\/04\/5124707.png 1609w\" sizes=\"(max-width: 800px) 100vw, 800px\" \/>\t\t\t\t\t\t\t\t\t\t\t\t\t\t\t<\/div>\n\t\t\t\t<\/div>\n\t\t\t\t\t<\/div>\n\t\t\t\t<\/div>\n\t\t\t\t<\/div>\n\t\t","protected":false},"excerpt":{"rendered":"<p>Nuestro Compromiso Entregar soluciones de alto est\u00e1ndar, con tecnolog\u00eda, servicio e innovaci\u00f3n, apoyando el desarrollo productivo y comercial de nuestros clientes. Nuestros Clientes Trabajamos junto a imprentas, empresas de packaging y producci\u00f3n gr\u00e1fica que buscan proveedores s\u00f3lidos, tecnolog\u00eda confiable y respuestas oportunas en un mercado altamente exigente. Crecemos Junto a Nuestros Clientes La innovaci\u00f3n, la [&hellip;]<\/p>\n","protected":false},"author":1,"featured_media":0,"parent":0,"menu_order":0,"comment_status":"closed","ping_status":"closed","template":"","meta":{"footnotes":""},"class_list":["post-148","page","type-page","status-publish","hentry"],"_links":{"self":[{"href":"https:\/\/test7.prow3sites.com\/index.php?rest_route=\/wp\/v2\/pages\/148","targetHints":{"allow":["GET"]}}],"collection":[{"href":"https:\/\/test7.prow3sites.com\/index.php?rest_route=\/wp\/v2\/pages"}],"about":[{"href":"https:\/\/test7.prow3sites.com\/index.php?rest_route=\/wp\/v2\/types\/page"}],"author":[{"embeddable":true,"href":"https:\/\/test7.prow3sites.com\/index.php?rest_route=\/wp\/v2\/users\/1"}],"replies":[{"embeddable":true,"href":"https:\/\/test7.prow3sites.com\/index.php?rest_route=%2Fwp%2Fv2%2Fcomments&post=148"}],"version-history":[{"count":10,"href":"https:\/\/test7.prow3sites.com\/index.php?rest_route=\/wp\/v2\/pages\/148\/revisions"}],"predecessor-version":[{"id":177,"href":"https:\/\/test7.prow3sites.com\/index.php?rest_route=\/wp\/v2\/pages\/148\/revisions\/177"}],"wp:attachment":[{"href":"https:\/\/test7.prow3sites.com\/index.php?rest_route=%2Fwp%2Fv2%2Fmedia&parent=148"}],"curies":[{"name":"wp","href":"https:\/\/api.w.org\/{rel}","templated":true}]}}