{"id":139,"date":"2026-04-20T09:49:44","date_gmt":"2026-04-20T13:49:44","guid":{"rendered":"https:\/\/test7.prow3sites.com\/?page_id=139"},"modified":"2026-04-20T16:45:46","modified_gmt":"2026-04-20T20:45:46","slug":"quienes-somos","status":"publish","type":"page","link":"https:\/\/test7.prow3sites.com\/?page_id=139","title":{"rendered":"Quienes somos"},"content":{"rendered":"\t\t<div data-elementor-type=\"wp-page\" data-elementor-id=\"139\" class=\"elementor elementor-139\" data-elementor-post-type=\"page\">\n\t\t\t\t<div class=\"elementor-element elementor-element-b06b139 e-flex e-con-boxed e-con e-parent\" data-id=\"b06b139\" data-element_type=\"container\" data-e-type=\"container\" data-settings=\"{&quot;background_background&quot;:&quot;classic&quot;}\">\n\t\t\t\t\t<div class=\"e-con-inner\">\n\t\t\t\t\t<\/div>\n\t\t\t\t<\/div>\n\t\t<div class=\"elementor-element elementor-element-f34f574 e-flex e-con-boxed e-con e-parent\" data-id=\"f34f574\" data-element_type=\"container\" data-e-type=\"container\">\n\t\t\t\t\t<div class=\"e-con-inner\">\n\t\t<div class=\"elementor-element elementor-element-18e49be e-con-full e-flex e-con e-child\" data-id=\"18e49be\" data-element_type=\"container\" data-e-type=\"container\">\n\t\t\t\t<div class=\"elementor-element elementor-element-438e7ec elementor-widget elementor-widget-heading\" data-id=\"438e7ec\" data-element_type=\"widget\" data-e-type=\"widget\" data-widget_type=\"heading.default\">\n\t\t\t\t\t<h3 class=\"elementor-heading-title elementor-size-default\">Soluciones integrales para la Industria Gr\u00e1fica<\/h3>\t\t\t\t<\/div>\n\t\t\t\t<div class=\"elementor-element elementor-element-7d5f432 elementor-widget elementor-widget-text-editor\" data-id=\"7d5f432\" data-element_type=\"widget\" data-e-type=\"widget\" data-widget_type=\"text-editor.default\">\n\t\t\t\t\t\t\t\t\t<p>Con m\u00e1s de 30 a\u00f1os de experiencia, en Filter Graphic somos especialistas en la representaci\u00f3n y distribuci\u00f3n de insumos, equipos y soluciones tecnol\u00f3gicas para la Industria Gr\u00e1fica en Chile. Trabajamos con marcas internacionales de primer nivel y un enfoque claro: hacer m\u00e1s eficiente y competitivo el negocio de nuestros clientes.<\/p>\t\t\t\t\t\t\t\t<\/div>\n\t\t\t\t<\/div>\n\t\t<div class=\"elementor-element elementor-element-292401f e-con-full e-flex e-con e-child\" data-id=\"292401f\" data-element_type=\"container\" data-e-type=\"container\">\n\t\t\t\t<div class=\"elementor-element elementor-element-301edd7 elementor-widget elementor-widget-image\" data-id=\"301edd7\" data-element_type=\"widget\" data-e-type=\"widget\" data-widget_type=\"image.default\">\n\t\t\t\t\t\t\t\t\t\t\t\t\t\t\t<img fetchpriority=\"high\" decoding=\"async\" width=\"800\" height=\"466\" src=\"https:\/\/test7.prow3sites.com\/wp-content\/uploads\/2026\/04\/Sistemas-integrales.jpg\" class=\"attachment-full size-full wp-image-160\" alt=\"\" srcset=\"https:\/\/test7.prow3sites.com\/wp-content\/uploads\/2026\/04\/Sistemas-integrales.jpg 800w, https:\/\/test7.prow3sites.com\/wp-content\/uploads\/2026\/04\/Sistemas-integrales-300x175.jpg 300w, https:\/\/test7.prow3sites.com\/wp-content\/uploads\/2026\/04\/Sistemas-integrales-768x447.jpg 768w\" sizes=\"(max-width: 800px) 100vw, 800px\" \/>\t\t\t\t\t\t\t\t\t\t\t\t\t\t\t<\/div>\n\t\t\t\t<\/div>\n\t\t\t\t\t<\/div>\n\t\t\t\t<\/div>\n\t\t<div class=\"elementor-element elementor-element-285d946 e-flex e-con-boxed e-con e-parent\" data-id=\"285d946\" data-element_type=\"container\" data-e-type=\"container\">\n\t\t\t\t\t<div class=\"e-con-inner\">\n\t\t<div class=\"elementor-element elementor-element-bf7cb01 e-con-full e-flex e-con e-child\" data-id=\"bf7cb01\" data-element_type=\"container\" data-e-type=\"container\">\n\t\t\t\t<div class=\"elementor-element elementor-element-63aace6 elementor-widget elementor-widget-heading\" data-id=\"63aace6\" data-element_type=\"widget\" data-e-type=\"widget\" data-widget_type=\"heading.default\">\n\t\t\t\t\t<h3 class=\"elementor-heading-title elementor-size-default\">Qu\u00e9 Hacemos<\/h3>\t\t\t\t<\/div>\n\t\t\t\t<div class=\"elementor-element elementor-element-d7c905a elementor-widget elementor-widget-text-editor\" data-id=\"d7c905a\" data-element_type=\"widget\" data-e-type=\"widget\" data-widget_type=\"text-editor.default\">\n\t\t\t\t\t\t\t\t\t<p>Acompa\u00f1amos a empresas de producci\u00f3n gr\u00e1fica con un portafolio integral de productos, asesor\u00eda t\u00e9cnica especializada y un servicio cercano, \u00e1gil y confiable. No solo vendemos productos, entregamos soluciones pensadas para la continuidad y optimizaci\u00f3n de los procesos productivos.<\/p>\t\t\t\t\t\t\t\t<\/div>\n\t\t\t\t<\/div>\n\t\t\t\t\t<\/div>\n\t\t\t\t<\/div>\n\t\t<div class=\"elementor-element elementor-element-a4ef2f0 e-flex e-con-boxed e-con e-parent\" data-id=\"a4ef2f0\" data-element_type=\"container\" data-e-type=\"container\">\n\t\t\t\t\t<div class=\"e-con-inner\">\n\t\t<div class=\"elementor-element elementor-element-5ccde47 e-con-full e-flex e-con e-child\" data-id=\"5ccde47\" data-element_type=\"container\" data-e-type=\"container\">\n\t\t\t\t<div class=\"elementor-element elementor-element-c3858e1 elementor-widget elementor-widget-heading\" data-id=\"c3858e1\" data-element_type=\"widget\" data-e-type=\"widget\" data-widget_type=\"heading.default\">\n\t\t\t\t\t<h3 class=\"elementor-heading-title elementor-size-default\">Por Qu\u00e9 Filter Graphic<\/h3>\t\t\t\t<\/div>\n\t\t\t\t<div class=\"elementor-element elementor-element-2227139 elementor-widget elementor-widget-text-editor\" data-id=\"2227139\" data-element_type=\"widget\" data-e-type=\"widget\" data-widget_type=\"text-editor.default\">\n\t\t\t\t\t\t\t\t\t<ul><li>M\u00e1s de 30 a\u00f1os de trayectoria en la industria<\/li><li>Representaci\u00f3n de marcas internacionales l\u00edderes<\/li><li>Atenci\u00f3n personalizada y soporte especializado<\/li><li>Conocimiento profundo del mercado gr\u00e1fico<\/li><li>Relaciones de largo plazo basadas en confianza<\/li><\/ul>\t\t\t\t\t\t\t\t<\/div>\n\t\t\t\t<\/div>\n\t\t<div class=\"elementor-element elementor-element-5761aa1 e-con-full e-flex e-con e-child\" data-id=\"5761aa1\" data-element_type=\"container\" data-e-type=\"container\">\n\t\t\t\t<div class=\"elementor-element elementor-element-33da8a0 elementor-widget elementor-widget-image\" data-id=\"33da8a0\" data-element_type=\"widget\" data-e-type=\"widget\" data-widget_type=\"image.default\">\n\t\t\t\t\t\t\t\t\t\t\t\t\t\t\t<img decoding=\"async\" width=\"800\" height=\"383\" src=\"https:\/\/test7.prow3sites.com\/wp-content\/uploads\/2026\/04\/Porque-FG.jpg\" class=\"attachment-full size-full wp-image-162\" alt=\"\" srcset=\"https:\/\/test7.prow3sites.com\/wp-content\/uploads\/2026\/04\/Porque-FG.jpg 800w, https:\/\/test7.prow3sites.com\/wp-content\/uploads\/2026\/04\/Porque-FG-300x144.jpg 300w, https:\/\/test7.prow3sites.com\/wp-content\/uploads\/2026\/04\/Porque-FG-768x368.jpg 768w\" sizes=\"(max-width: 800px) 100vw, 800px\" \/>\t\t\t\t\t\t\t\t\t\t\t\t\t\t\t<\/div>\n\t\t\t\t<\/div>\n\t\t\t\t\t<\/div>\n\t\t\t\t<\/div>\n\t\t\t\t<\/div>\n\t\t","protected":false},"excerpt":{"rendered":"<p>Soluciones integrales para la Industria Gr\u00e1fica Con m\u00e1s de 30 a\u00f1os de experiencia, en Filter Graphic somos especialistas en la representaci\u00f3n y distribuci\u00f3n de insumos, equipos y soluciones tecnol\u00f3gicas para la Industria Gr\u00e1fica en Chile. Trabajamos con marcas internacionales de primer nivel y un enfoque claro: hacer m\u00e1s eficiente y competitivo el negocio de nuestros [&hellip;]<\/p>\n","protected":false},"author":1,"featured_media":0,"parent":0,"menu_order":0,"comment_status":"closed","ping_status":"closed","template":"","meta":{"footnotes":""},"class_list":["post-139","page","type-page","status-publish","hentry"],"_links":{"self":[{"href":"https:\/\/test7.prow3sites.com\/index.php?rest_route=\/wp\/v2\/pages\/139","targetHints":{"allow":["GET"]}}],"collection":[{"href":"https:\/\/test7.prow3sites.com\/index.php?rest_route=\/wp\/v2\/pages"}],"about":[{"href":"https:\/\/test7.prow3sites.com\/index.php?rest_route=\/wp\/v2\/types\/page"}],"author":[{"embeddable":true,"href":"https:\/\/test7.prow3sites.com\/index.php?rest_route=\/wp\/v2\/users\/1"}],"replies":[{"embeddable":true,"href":"https:\/\/test7.prow3sites.com\/index.php?rest_route=%2Fwp%2Fv2%2Fcomments&post=139"}],"version-history":[{"count":16,"href":"https:\/\/test7.prow3sites.com\/index.php?rest_route=\/wp\/v2\/pages\/139\/revisions"}],"predecessor-version":[{"id":168,"href":"https:\/\/test7.prow3sites.com\/index.php?rest_route=\/wp\/v2\/pages\/139\/revisions\/168"}],"wp:attachment":[{"href":"https:\/\/test7.prow3sites.com\/index.php?rest_route=%2Fwp%2Fv2%2Fmedia&parent=139"}],"curies":[{"name":"wp","href":"https:\/\/api.w.org\/{rel}","templated":true}]}}